{"id":655,"date":"2026-01-22T14:46:31","date_gmt":"2026-01-22T14:46:31","guid":{"rendered":"https:\/\/fondation-phc.org\/?page_id=655"},"modified":"2026-03-18T02:21:23","modified_gmt":"2026-03-18T02:21:23","slug":"partenariat","status":"publish","type":"page","link":"https:\/\/fondation-phc.org\/en\/partenariat\/","title":{"rendered":"Partnership"},"content":{"rendered":"<style>.elementor-655 .elementor-element.elementor-element-2344e396 > .elementor-container{max-width:1200px;}.elementor-655 .elementor-element.elementor-element-2344e396:not(.elementor-motion-effects-element-type-background), .elementor-655 .elementor-element.elementor-element-2344e396 > .elementor-motion-effects-container > .elementor-motion-effects-layer{background-color:var( --e-global-color-4951816 );background-image:url(\"https:\/\/fondation-phc.org\/wp-content\/uploads\/2025\/10\/Agribusiness2.jpg\");background-position:0px 40%;background-repeat:no-repeat;background-size:cover;}.elementor-655 .elementor-element.elementor-element-2344e396 > .elementor-background-overlay{background-color:#030303;opacity:0.62;transition:background 0.3s, border-radius 0.3s, opacity 0.3s;}.elementor-655 .elementor-element.elementor-element-2344e396{transition:background 0.3s, border 0.3s, border-radius 0.3s, box-shadow 0.3s;margin-top:-110px;margin-bottom:0px;padding:100px 0px 65px 0px;}.elementor-655 .elementor-element.elementor-element-6afe680{--display:flex;--flex-direction:row;--container-widget-width:initial;--container-widget-height:100%;--container-widget-flex-grow:1;--container-widget-align-self:stretch;--flex-wrap-mobile:wrap;--margin-top:0px;--margin-bottom:0px;--margin-left:0px;--margin-right:0px;--padding-top:50px;--padding-bottom:50px;--padding-left:0px;--padding-right:0px;}.elementor-655 .elementor-element.elementor-element-53be617{color:#000000;}.elementor-655 .elementor-element.elementor-element-58f8eea{--display:flex;--flex-direction:column;--container-widget-width:100%;--container-widget-height:initial;--container-widget-flex-grow:0;--container-widget-align-self:initial;--flex-wrap-mobile:wrap;border-style:none;--border-style:none;}.elementor-655 .elementor-element.elementor-element-4885f1c .gallery-item{padding:0 20px 20px 0;}.elementor-655 .elementor-element.elementor-element-4885f1c .gallery{margin:0 -20px -20px 0;}.elementor-655 .elementor-element.elementor-element-4885f1c .gallery-item img{border-style:none;}.elementor-655 .elementor-element.elementor-element-4885f1c .gallery-item .gallery-caption{text-align:center;}.elementor-655 .elementor-element.elementor-element-8553dc9{--divider-border-style:solid;--divider-color:#181515;--divider-border-width:1px;}.elementor-655 .elementor-element.elementor-element-8553dc9 .elementor-divider-separator{width:100%;}.elementor-655 .elementor-element.elementor-element-8553dc9 .elementor-divider{padding-block-start:15px;padding-block-end:15px;}.elementor-655 .elementor-element.elementor-element-b352d73{--display:flex;--flex-direction:column;--container-widget-width:100%;--container-widget-height:initial;--container-widget-flex-grow:0;--container-widget-align-self:initial;--flex-wrap-mobile:wrap;}.elementor-655 .elementor-element.elementor-element-1206eb3 .gallery-item{padding:0 20px 20px 0;}.elementor-655 .elementor-element.elementor-element-1206eb3 .gallery{margin:0 -20px -20px 0;}.elementor-655 .elementor-element.elementor-element-1206eb3 .gallery-item img{border-style:none;}.elementor-655 .elementor-element.elementor-element-1206eb3 .gallery-item .gallery-caption{text-align:center;}.elementor-655 .elementor-element.elementor-element-80d0033{--divider-border-style:solid;--divider-color:#181515;--divider-border-width:1px;}.elementor-655 .elementor-element.elementor-element-80d0033 .elementor-divider-separator{width:100%;}.elementor-655 .elementor-element.elementor-element-80d0033 .elementor-divider{padding-block-start:15px;padding-block-end:15px;}.elementor-655 .elementor-element.elementor-element-efd2b2c{--display:flex;--flex-direction:row;--container-widget-width:initial;--container-widget-height:100%;--container-widget-flex-grow:1;--container-widget-align-self:stretch;--flex-wrap-mobile:wrap;--margin-top:0px;--margin-bottom:70px;--margin-left:0px;--margin-right:0px;}.elementor-655 .elementor-element.elementor-element-03cf8b5 .gallery-item{padding:0 20px 20px 0;}.elementor-655 .elementor-element.elementor-element-03cf8b5 .gallery{margin:0 -20px -20px 0;}.elementor-655 .elementor-element.elementor-element-03cf8b5 .gallery-item img{border-style:none;}.elementor-655 .elementor-element.elementor-element-03cf8b5 .gallery-item .gallery-caption{text-align:center;}@media(min-width:768px){.elementor-655 .elementor-element.elementor-element-58f8eea{--content-width:793px;}.elementor-655 .elementor-element.elementor-element-b352d73{--content-width:793px;}.elementor-655 .elementor-element.elementor-element-efd2b2c{--content-width:793px;}}@media(max-width:1024px){.elementor-655 .elementor-element.elementor-element-2344e396:not(.elementor-motion-effects-element-type-background), .elementor-655 .elementor-element.elementor-element-2344e396 > .elementor-motion-effects-container > .elementor-motion-effects-layer{background-position:0px 0px;}.elementor-655 .elementor-element.elementor-element-2344e396{padding:200px 0px 100px 0px;}.elementor-655 .elementor-element.elementor-element-1e33c638 > .elementor-element-populated{margin:0px 10px 0px 10px;--e-column-margin-right:10px;--e-column-margin-left:10px;}}@media(max-width:767px){.elementor-655 .elementor-element.elementor-element-2344e396:not(.elementor-motion-effects-element-type-background), .elementor-655 .elementor-element.elementor-element-2344e396 > .elementor-motion-effects-container > .elementor-motion-effects-layer{background-position:0px 0px;}.elementor-655 .elementor-element.elementor-element-2344e396{margin-top:-100px;margin-bottom:0px;padding:170px 0px 70px 0px;}.elementor-655 .elementor-element.elementor-element-1e33c638 > .elementor-element-populated{margin:0px 5px 0px 5px;--e-column-margin-right:5px;--e-column-margin-left:5px;}}<\/style>\t\t<div data-elementor-type=\"wp-page\" data-elementor-id=\"655\" class=\"elementor elementor-655\" data-elementor-post-type=\"page\">\n\t\t\t\t\t\t<section class=\"elementor-section elementor-top-section elementor-element elementor-element-2344e396 elementor-section-boxed elementor-section-height-default elementor-section-height-default\" data-id=\"2344e396\" data-element_type=\"section\" data-e-type=\"section\" data-settings=\"{&quot;background_background&quot;:&quot;classic&quot;}\">\n\t\t\t\t\t\t\t<div class=\"elementor-background-overlay\"><\/div>\n\t\t\t\t\t\t\t<div class=\"elementor-container elementor-column-gap-default\">\n\t\t\t\t\t<div class=\"elementor-column elementor-col-100 elementor-top-column elementor-element elementor-element-1e33c638\" data-id=\"1e33c638\" data-element_type=\"column\" data-e-type=\"column\">\n\t\t\t<div class=\"elementor-widget-wrap\">\n\t\t\t\t\t\t\t<\/div>\n\t\t<\/div>\n\t\t\t\t\t<\/div>\n\t\t<\/section>\n\t\t<div class=\"elementor-element elementor-element-6afe680 e-flex e-con-boxed e-con e-parent\" data-id=\"6afe680\" data-element_type=\"container\" data-e-type=\"container\">\n\t\t\t\t\t<div class=\"e-con-inner\">\n\t\t\t\t<div class=\"elementor-element elementor-element-53be617 elementor-widget elementor-widget-text-editor\" data-id=\"53be617\" data-element_type=\"widget\" data-e-type=\"widget\" data-widget_type=\"text-editor.default\">\n\t\t\t\t\t\t\t\t\t<p><em>Nos partenaires jouent un r\u00f4le essentiel dans la r\u00e9ussite de nos initiatives. Gr\u00e2ce \u00e0 ces collaborations fond\u00e9es sur la confiance et une vision commune, nous renfor\u00e7ons notre capacit\u00e9 d\u2019action et amplifions l\u2019impact de nos programmes pour les communaut\u00e9s que nous servons. <\/em><\/p>\t\t\t\t\t\t\t\t<\/div>\n\t\t\t\t\t<\/div>\n\t\t\t\t<\/div>\n\t\t<div class=\"elementor-element elementor-element-58f8eea e-flex e-con-boxed e-con e-parent\" data-id=\"58f8eea\" data-element_type=\"container\" data-e-type=\"container\">\n\t\t\t\t\t<div class=\"e-con-inner\">\n\t\t\t\t<div class=\"elementor-element elementor-element-4885f1c gallery-spacing-custom elementor-widget elementor-widget-image-gallery\" data-id=\"4885f1c\" data-element_type=\"widget\" data-e-type=\"widget\" data-widget_type=\"image-gallery.default\">\n\t\t\t\t\t\t\t<div class=\"elementor-image-gallery\">\n\t\t\t<div id='gallery-1' class='gallery galleryid-655 gallery-columns-4 gallery-size-full'><figure class='gallery-item'>\n\t\t\t<div class='gallery-icon landscape'>\n\t\t\t\t<a data-elementor-open-lightbox=\"yes\" data-elementor-lightbox-slideshow=\"4885f1c\" data-elementor-lightbox-title=\"Picture1\" data-e-action-hash=\"#elementor-action%3Aaction%3Dlightbox%26settings%3DeyJpZCI6OTcxLCJ1cmwiOiJodHRwczpcL1wvZm9uZGF0aW9uLXBoYy5vcmdcL3dwLWNvbnRlbnRcL3VwbG9hZHNcLzIwMjZcLzAzXC9QaWN0dXJlMS5wbmciLCJzbGlkZXNob3ciOiI0ODg1ZjFjIn0%3D\" href='https:\/\/fondation-phc.org\/wp-content\/uploads\/2026\/03\/Picture1.png'><img decoding=\"async\" width=\"236\" height=\"130\" src=\"https:\/\/fondation-phc.org\/wp-content\/uploads\/2026\/03\/Picture1.png\" class=\"attachment-full size-full\" alt=\"\" srcset=\"https:\/\/fondation-phc.org\/wp-content\/uploads\/2026\/03\/Picture1.png 236w, https:\/\/fondation-phc.org\/wp-content\/uploads\/2026\/03\/Picture1-18x10.png 18w\" sizes=\"(max-width: 236px) 100vw, 236px\" \/><\/a>\n\t\t\t<\/div><\/figure><figure class='gallery-item'>\n\t\t\t<div class='gallery-icon landscape'>\n\t\t\t\t<a data-elementor-open-lightbox=\"yes\" data-elementor-lightbox-slideshow=\"4885f1c\" data-elementor-lightbox-title=\"Equity BDC\" data-e-action-hash=\"#elementor-action%3Aaction%3Dlightbox%26settings%3DeyJpZCI6OTcyLCJ1cmwiOiJodHRwczpcL1wvZm9uZGF0aW9uLXBoYy5vcmdcL3dwLWNvbnRlbnRcL3VwbG9hZHNcLzIwMjZcLzAzXC9FcXVpdHktQkRDLnBuZyIsInNsaWRlc2hvdyI6IjQ4ODVmMWMifQ%3D%3D\" href='https:\/\/fondation-phc.org\/wp-content\/uploads\/2026\/03\/Equity-BDC.png'><img decoding=\"async\" width=\"224\" height=\"118\" src=\"https:\/\/fondation-phc.org\/wp-content\/uploads\/2026\/03\/Equity-BDC.png\" class=\"attachment-full size-full\" alt=\"\" srcset=\"https:\/\/fondation-phc.org\/wp-content\/uploads\/2026\/03\/Equity-BDC.png 224w, https:\/\/fondation-phc.org\/wp-content\/uploads\/2026\/03\/Equity-BDC-18x9.png 18w\" sizes=\"(max-width: 224px) 100vw, 224px\" \/><\/a>\n\t\t\t<\/div><\/figure><figure class='gallery-item'>\n\t\t\t<div class='gallery-icon landscape'>\n\t\t\t\t<a data-elementor-open-lightbox=\"yes\" data-elementor-lightbox-slideshow=\"4885f1c\" data-elementor-lightbox-title=\"AGRIMAC\" data-e-action-hash=\"#elementor-action%3Aaction%3Dlightbox%26settings%3DeyJpZCI6OTczLCJ1cmwiOiJodHRwczpcL1wvZm9uZGF0aW9uLXBoYy5vcmdcL3dwLWNvbnRlbnRcL3VwbG9hZHNcLzIwMjZcLzAzXC9BR1JJTUFDLmpwZyIsInNsaWRlc2hvdyI6IjQ4ODVmMWMifQ%3D%3D\" href='https:\/\/fondation-phc.org\/wp-content\/uploads\/2026\/03\/AGRIMAC.jpg'><img decoding=\"async\" width=\"310\" height=\"140\" src=\"https:\/\/fondation-phc.org\/wp-content\/uploads\/2026\/03\/AGRIMAC.jpg\" class=\"attachment-full size-full\" alt=\"\" srcset=\"https:\/\/fondation-phc.org\/wp-content\/uploads\/2026\/03\/AGRIMAC.jpg 310w, https:\/\/fondation-phc.org\/wp-content\/uploads\/2026\/03\/AGRIMAC-300x135.jpg 300w, https:\/\/fondation-phc.org\/wp-content\/uploads\/2026\/03\/AGRIMAC-18x8.jpg 18w\" sizes=\"(max-width: 310px) 100vw, 310px\" \/><\/a>\n\t\t\t<\/div><\/figure><figure class='gallery-item'>\n\t\t\t<div class='gallery-icon landscape'>\n\t\t\t\t<a data-elementor-open-lightbox=\"yes\" data-elementor-lightbox-slideshow=\"4885f1c\" data-elementor-lightbox-title=\"AALI\" data-e-action-hash=\"#elementor-action%3Aaction%3Dlightbox%26settings%3DeyJpZCI6OTc0LCJ1cmwiOiJodHRwczpcL1wvZm9uZGF0aW9uLXBoYy5vcmdcL3dwLWNvbnRlbnRcL3VwbG9hZHNcLzIwMjZcLzAzXC9BQUxJLnBuZyIsInNsaWRlc2hvdyI6IjQ4ODVmMWMifQ%3D%3D\" href='https:\/\/fondation-phc.org\/wp-content\/uploads\/2026\/03\/AALI.png'><img loading=\"lazy\" decoding=\"async\" width=\"234\" height=\"124\" src=\"https:\/\/fondation-phc.org\/wp-content\/uploads\/2026\/03\/AALI.png\" class=\"attachment-full size-full\" alt=\"\" srcset=\"https:\/\/fondation-phc.org\/wp-content\/uploads\/2026\/03\/AALI.png 234w, https:\/\/fondation-phc.org\/wp-content\/uploads\/2026\/03\/AALI-18x10.png 18w\" sizes=\"(max-width: 234px) 100vw, 234px\" \/><\/a>\n\t\t\t<\/div><\/figure>\n\t\t<\/div>\n\t\t<\/div>\n\t\t\t\t\t\t<\/div>\n\t\t\t\t<div class=\"elementor-element elementor-element-8553dc9 elementor-widget-divider--view-line elementor-widget elementor-widget-divider\" data-id=\"8553dc9\" data-element_type=\"widget\" data-e-type=\"widget\" data-widget_type=\"divider.default\">\n\t\t\t\t\t\t\t<div class=\"elementor-divider\">\n\t\t\t<span class=\"elementor-divider-separator\">\n\t\t\t\t\t\t<\/span>\n\t\t<\/div>\n\t\t\t\t\t\t<\/div>\n\t\t\t\t\t<\/div>\n\t\t\t\t<\/div>\n\t\t<div class=\"elementor-element elementor-element-b352d73 e-flex e-con-boxed e-con e-parent\" data-id=\"b352d73\" data-element_type=\"container\" data-e-type=\"container\">\n\t\t\t\t\t<div class=\"e-con-inner\">\n\t\t\t\t<div class=\"elementor-element elementor-element-1206eb3 gallery-spacing-custom elementor-widget elementor-widget-image-gallery\" data-id=\"1206eb3\" data-element_type=\"widget\" data-e-type=\"widget\" data-widget_type=\"image-gallery.default\">\n\t\t\t\t\t\t\t<div class=\"elementor-image-gallery\">\n\t\t\t<div id='gallery-2' class='gallery galleryid-655 gallery-columns-4 gallery-size-full'><figure class='gallery-item'>\n\t\t\t<div class='gallery-icon landscape'>\n\t\t\t\t<a data-elementor-open-lightbox=\"yes\" data-elementor-lightbox-slideshow=\"1206eb3\" data-elementor-lightbox-title=\"BRALIMA\" data-e-action-hash=\"#elementor-action%3Aaction%3Dlightbox%26settings%3DeyJpZCI6OTc1LCJ1cmwiOiJodHRwczpcL1wvZm9uZGF0aW9uLXBoYy5vcmdcL3dwLWNvbnRlbnRcL3VwbG9hZHNcLzIwMjZcLzAzXC9CUkFMSU1BLmpwZyIsInNsaWRlc2hvdyI6IjEyMDZlYjMifQ%3D%3D\" href='https:\/\/fondation-phc.org\/wp-content\/uploads\/2026\/03\/BRALIMA.jpg'><img loading=\"lazy\" decoding=\"async\" width=\"320\" height=\"220\" src=\"https:\/\/fondation-phc.org\/wp-content\/uploads\/2026\/03\/BRALIMA.jpg\" class=\"attachment-full size-full\" alt=\"\" srcset=\"https:\/\/fondation-phc.org\/wp-content\/uploads\/2026\/03\/BRALIMA.jpg 320w, https:\/\/fondation-phc.org\/wp-content\/uploads\/2026\/03\/BRALIMA-300x206.jpg 300w, https:\/\/fondation-phc.org\/wp-content\/uploads\/2026\/03\/BRALIMA-18x12.jpg 18w\" sizes=\"(max-width: 320px) 100vw, 320px\" \/><\/a>\n\t\t\t<\/div><\/figure><figure class='gallery-item'>\n\t\t\t<div class='gallery-icon landscape'>\n\t\t\t\t<a data-elementor-open-lightbox=\"yes\" data-elementor-lightbox-slideshow=\"1206eb3\" data-elementor-lightbox-title=\"INSTITUT\" data-e-action-hash=\"#elementor-action%3Aaction%3Dlightbox%26settings%3DeyJpZCI6OTc2LCJ1cmwiOiJodHRwczpcL1wvZm9uZGF0aW9uLXBoYy5vcmdcL3dwLWNvbnRlbnRcL3VwbG9hZHNcLzIwMjZcLzAzXC9JTlNUSVRVVC5wbmciLCJzbGlkZXNob3ciOiIxMjA2ZWIzIn0%3D\" href='https:\/\/fondation-phc.org\/wp-content\/uploads\/2026\/03\/INSTITUT.png'><img loading=\"lazy\" decoding=\"async\" width=\"284\" height=\"122\" src=\"https:\/\/fondation-phc.org\/wp-content\/uploads\/2026\/03\/INSTITUT.png\" class=\"attachment-full size-full\" alt=\"\" srcset=\"https:\/\/fondation-phc.org\/wp-content\/uploads\/2026\/03\/INSTITUT.png 284w, https:\/\/fondation-phc.org\/wp-content\/uploads\/2026\/03\/INSTITUT-18x8.png 18w\" sizes=\"(max-width: 284px) 100vw, 284px\" \/><\/a>\n\t\t\t<\/div><\/figure><figure class='gallery-item'>\n\t\t\t<div class='gallery-icon landscape'>\n\t\t\t\t<a data-elementor-open-lightbox=\"yes\" data-elementor-lightbox-slideshow=\"1206eb3\" data-elementor-lightbox-title=\"UN\" data-e-action-hash=\"#elementor-action%3Aaction%3Dlightbox%26settings%3DeyJpZCI6OTc3LCJ1cmwiOiJodHRwczpcL1wvZm9uZGF0aW9uLXBoYy5vcmdcL3dwLWNvbnRlbnRcL3VwbG9hZHNcLzIwMjZcLzAzXC9VTi5wbmciLCJzbGlkZXNob3ciOiIxMjA2ZWIzIn0%3D\" href='https:\/\/fondation-phc.org\/wp-content\/uploads\/2026\/03\/UN.png'><img loading=\"lazy\" decoding=\"async\" width=\"270\" height=\"144\" src=\"https:\/\/fondation-phc.org\/wp-content\/uploads\/2026\/03\/UN.png\" class=\"attachment-full size-full\" alt=\"\" srcset=\"https:\/\/fondation-phc.org\/wp-content\/uploads\/2026\/03\/UN.png 270w, https:\/\/fondation-phc.org\/wp-content\/uploads\/2026\/03\/UN-18x10.png 18w\" sizes=\"(max-width: 270px) 100vw, 270px\" \/><\/a>\n\t\t\t<\/div><\/figure><figure class='gallery-item'>\n\t\t\t<div class='gallery-icon landscape'>\n\t\t\t\t<a data-elementor-open-lightbox=\"yes\" data-elementor-lightbox-slideshow=\"1206eb3\" data-elementor-lightbox-title=\"CREF\" data-e-action-hash=\"#elementor-action%3Aaction%3Dlightbox%26settings%3DeyJpZCI6OTc4LCJ1cmwiOiJodHRwczpcL1wvZm9uZGF0aW9uLXBoYy5vcmdcL3dwLWNvbnRlbnRcL3VwbG9hZHNcLzIwMjZcLzAzXC9DUkVGLmpwZyIsInNsaWRlc2hvdyI6IjEyMDZlYjMifQ%3D%3D\" href='https:\/\/fondation-phc.org\/wp-content\/uploads\/2026\/03\/CREF.jpg'><img loading=\"lazy\" decoding=\"async\" width=\"156\" height=\"132\" src=\"https:\/\/fondation-phc.org\/wp-content\/uploads\/2026\/03\/CREF.jpg\" class=\"attachment-full size-full\" alt=\"\" srcset=\"https:\/\/fondation-phc.org\/wp-content\/uploads\/2026\/03\/CREF.jpg 156w, https:\/\/fondation-phc.org\/wp-content\/uploads\/2026\/03\/CREF-14x12.jpg 14w\" sizes=\"(max-width: 156px) 100vw, 156px\" \/><\/a>\n\t\t\t<\/div><\/figure>\n\t\t<\/div>\n\t\t<\/div>\n\t\t\t\t\t\t<\/div>\n\t\t\t\t<div class=\"elementor-element elementor-element-80d0033 elementor-widget-divider--view-line elementor-widget elementor-widget-divider\" data-id=\"80d0033\" data-element_type=\"widget\" data-e-type=\"widget\" data-widget_type=\"divider.default\">\n\t\t\t\t\t\t\t<div class=\"elementor-divider\">\n\t\t\t<span class=\"elementor-divider-separator\">\n\t\t\t\t\t\t<\/span>\n\t\t<\/div>\n\t\t\t\t\t\t<\/div>\n\t\t\t\t\t<\/div>\n\t\t\t\t<\/div>\n\t\t<div class=\"elementor-element elementor-element-efd2b2c e-flex e-con-boxed e-con e-parent\" data-id=\"efd2b2c\" data-element_type=\"container\" data-e-type=\"container\">\n\t\t\t\t\t<div class=\"e-con-inner\">\n\t\t\t\t<div class=\"elementor-element elementor-element-03cf8b5 gallery-spacing-custom elementor-widget elementor-widget-image-gallery\" data-id=\"03cf8b5\" data-element_type=\"widget\" data-e-type=\"widget\" data-widget_type=\"image-gallery.default\">\n\t\t\t\t\t\t\t<div class=\"elementor-image-gallery\">\n\t\t\t<div id='gallery-3' class='gallery galleryid-655 gallery-columns-4 gallery-size-full'><figure class='gallery-item'>\n\t\t\t<div class='gallery-icon landscape'>\n\t\t\t\t<a data-elementor-open-lightbox=\"yes\" data-elementor-lightbox-slideshow=\"03cf8b5\" data-elementor-lightbox-title=\"CONGO\" data-e-action-hash=\"#elementor-action%3Aaction%3Dlightbox%26settings%3DeyJpZCI6OTc5LCJ1cmwiOiJodHRwczpcL1wvZm9uZGF0aW9uLXBoYy5vcmdcL3dwLWNvbnRlbnRcL3VwbG9hZHNcLzIwMjZcLzAzXC9DT05HTy5qcGciLCJzbGlkZXNob3ciOiIwM2NmOGI1In0%3D\" href='https:\/\/fondation-phc.org\/wp-content\/uploads\/2026\/03\/CONGO.jpg'><img loading=\"lazy\" decoding=\"async\" width=\"229\" height=\"213\" src=\"https:\/\/fondation-phc.org\/wp-content\/uploads\/2026\/03\/CONGO.jpg\" class=\"attachment-full size-full\" alt=\"\" srcset=\"https:\/\/fondation-phc.org\/wp-content\/uploads\/2026\/03\/CONGO.jpg 229w, https:\/\/fondation-phc.org\/wp-content\/uploads\/2026\/03\/CONGO-13x12.jpg 13w\" sizes=\"(max-width: 229px) 100vw, 229px\" \/><\/a>\n\t\t\t<\/div><\/figure><figure class='gallery-item'>\n\t\t\t<div class='gallery-icon landscape'>\n\t\t\t\t<a data-elementor-open-lightbox=\"yes\" data-elementor-lightbox-slideshow=\"03cf8b5\" data-elementor-lightbox-title=\"PINEAPPLE\" data-e-action-hash=\"#elementor-action%3Aaction%3Dlightbox%26settings%3DeyJpZCI6OTgwLCJ1cmwiOiJodHRwczpcL1wvZm9uZGF0aW9uLXBoYy5vcmdcL3dwLWNvbnRlbnRcL3VwbG9hZHNcLzIwMjZcLzAzXC9QSU5FQVBQTEUucG5nIiwic2xpZGVzaG93IjoiMDNjZjhiNSJ9\" href='https:\/\/fondation-phc.org\/wp-content\/uploads\/2026\/03\/PINEAPPLE.png'><img loading=\"lazy\" decoding=\"async\" width=\"162\" height=\"162\" src=\"https:\/\/fondation-phc.org\/wp-content\/uploads\/2026\/03\/PINEAPPLE.png\" class=\"attachment-full size-full\" alt=\"\" srcset=\"https:\/\/fondation-phc.org\/wp-content\/uploads\/2026\/03\/PINEAPPLE.png 162w, https:\/\/fondation-phc.org\/wp-content\/uploads\/2026\/03\/PINEAPPLE-150x150.png 150w, https:\/\/fondation-phc.org\/wp-content\/uploads\/2026\/03\/PINEAPPLE-12x12.png 12w\" sizes=\"(max-width: 162px) 100vw, 162px\" \/><\/a>\n\t\t\t<\/div><\/figure><figure class='gallery-item'>\n\t\t\t<div class='gallery-icon landscape'>\n\t\t\t\t<a data-elementor-open-lightbox=\"yes\" data-elementor-lightbox-slideshow=\"03cf8b5\" data-elementor-lightbox-title=\"FANYATU\" data-e-action-hash=\"#elementor-action%3Aaction%3Dlightbox%26settings%3DeyJpZCI6OTgxLCJ1cmwiOiJodHRwczpcL1wvZm9uZGF0aW9uLXBoYy5vcmdcL3dwLWNvbnRlbnRcL3VwbG9hZHNcLzIwMjZcLzAzXC9GQU5ZQVRVLmpwZyIsInNsaWRlc2hvdyI6IjAzY2Y4YjUifQ%3D%3D\" href='https:\/\/fondation-phc.org\/wp-content\/uploads\/2026\/03\/FANYATU.jpg'><img loading=\"lazy\" decoding=\"async\" width=\"152\" height=\"152\" src=\"https:\/\/fondation-phc.org\/wp-content\/uploads\/2026\/03\/FANYATU.jpg\" class=\"attachment-full size-full\" alt=\"\" srcset=\"https:\/\/fondation-phc.org\/wp-content\/uploads\/2026\/03\/FANYATU.jpg 152w, https:\/\/fondation-phc.org\/wp-content\/uploads\/2026\/03\/FANYATU-150x150.jpg 150w, https:\/\/fondation-phc.org\/wp-content\/uploads\/2026\/03\/FANYATU-12x12.jpg 12w\" sizes=\"(max-width: 152px) 100vw, 152px\" \/><\/a>\n\t\t\t<\/div><\/figure>\n\t\t<\/div>\n\t\t<\/div>\n\t\t\t\t\t\t<\/div>\n\t\t\t\t\t<\/div>\n\t\t\t\t<\/div>\n\t\t\t\t<\/div>","protected":false},"excerpt":{"rendered":"<p>Nos partenaires jouent un r\u00f4le essentiel dans la r\u00e9ussite de nos initiatives. Gr\u00e2ce \u00e0 ces collaborations fond\u00e9es sur la confiance et une vision commune, nous renfor\u00e7ons notre capacit\u00e9 d\u2019action et amplifions l\u2019impact de nos programmes pour les communaut\u00e9s que nous servons.<\/p>","protected":false},"author":1,"featured_media":0,"parent":0,"menu_order":0,"comment_status":"closed","ping_status":"closed","template":"","meta":{"footnotes":""},"class_list":["post-655","page","type-page","status-publish","hentry"],"_links":{"self":[{"href":"https:\/\/fondation-phc.org\/en\/wp-json\/wp\/v2\/pages\/655","targetHints":{"allow":["GET"]}}],"collection":[{"href":"https:\/\/fondation-phc.org\/en\/wp-json\/wp\/v2\/pages"}],"about":[{"href":"https:\/\/fondation-phc.org\/en\/wp-json\/wp\/v2\/types\/page"}],"author":[{"embeddable":true,"href":"https:\/\/fondation-phc.org\/en\/wp-json\/wp\/v2\/users\/1"}],"replies":[{"embeddable":true,"href":"https:\/\/fondation-phc.org\/en\/wp-json\/wp\/v2\/comments?post=655"}],"version-history":[{"count":31,"href":"https:\/\/fondation-phc.org\/en\/wp-json\/wp\/v2\/pages\/655\/revisions"}],"predecessor-version":[{"id":1006,"href":"https:\/\/fondation-phc.org\/en\/wp-json\/wp\/v2\/pages\/655\/revisions\/1006"}],"wp:attachment":[{"href":"https:\/\/fondation-phc.org\/en\/wp-json\/wp\/v2\/media?parent=655"}],"curies":[{"name":"wp","href":"https:\/\/api.w.org\/{rel}","templated":true}]}}