{"id":653,"date":"2026-01-22T14:46:04","date_gmt":"2026-01-22T14:46:04","guid":{"rendered":"https:\/\/fondation-phc.org\/?page_id=653"},"modified":"2026-03-17T20:07:39","modified_gmt":"2026-03-17T20:07:39","slug":"carriere","status":"publish","type":"page","link":"https:\/\/fondation-phc.org\/en\/carriere\/","title":{"rendered":"Career"},"content":{"rendered":"<style>.elementor-653 .elementor-element.elementor-element-8072b30 > .elementor-container{max-width:1200px;}.elementor-653 .elementor-element.elementor-element-8072b30:not(.elementor-motion-effects-element-type-background), .elementor-653 .elementor-element.elementor-element-8072b30 > .elementor-motion-effects-container > .elementor-motion-effects-layer{background-color:var( --e-global-color-4951816 );background-image:url(\"https:\/\/fondation-phc.org\/wp-content\/uploads\/2025\/10\/Agribusiness2.jpg\");background-position:0px 40%;background-repeat:no-repeat;background-size:cover;}.elementor-653 .elementor-element.elementor-element-8072b30 > .elementor-background-overlay{background-color:#030303;opacity:0.62;transition:background 0.3s, border-radius 0.3s, opacity 0.3s;}.elementor-653 .elementor-element.elementor-element-8072b30{transition:background 0.3s, border 0.3s, border-radius 0.3s, box-shadow 0.3s;margin-top:-110px;margin-bottom:0px;padding:100px 0px 65px 0px;}.elementor-653 .elementor-element.elementor-element-1957c7e{--display:flex;--flex-direction:row;--container-widget-width:initial;--container-widget-height:100%;--container-widget-flex-grow:1;--container-widget-align-self:stretch;--flex-wrap-mobile:wrap;--margin-top:0px;--margin-bottom:250px;--margin-left:0px;--margin-right:0px;--padding-top:50px;--padding-bottom:50px;--padding-left:0px;--padding-right:0px;}.elementor-653 .elementor-element.elementor-element-49e20f1{color:#000000;}@media(max-width:1024px){.elementor-653 .elementor-element.elementor-element-8072b30:not(.elementor-motion-effects-element-type-background), .elementor-653 .elementor-element.elementor-element-8072b30 > .elementor-motion-effects-container > .elementor-motion-effects-layer{background-position:0px 0px;}.elementor-653 .elementor-element.elementor-element-8072b30{padding:200px 0px 100px 0px;}.elementor-653 .elementor-element.elementor-element-3c012dd7 > .elementor-element-populated{margin:0px 10px 0px 10px;--e-column-margin-right:10px;--e-column-margin-left:10px;}}@media(max-width:767px){.elementor-653 .elementor-element.elementor-element-8072b30:not(.elementor-motion-effects-element-type-background), .elementor-653 .elementor-element.elementor-element-8072b30 > .elementor-motion-effects-container > .elementor-motion-effects-layer{background-position:0px 0px;}.elementor-653 .elementor-element.elementor-element-8072b30{margin-top:-100px;margin-bottom:0px;padding:170px 0px 70px 0px;}.elementor-653 .elementor-element.elementor-element-3c012dd7 > .elementor-element-populated{margin:0px 5px 0px 5px;--e-column-margin-right:5px;--e-column-margin-left:5px;}}<\/style>\t\t<div data-elementor-type=\"wp-page\" data-elementor-id=\"653\" class=\"elementor elementor-653\" data-elementor-post-type=\"page\">\n\t\t\t\t\t\t<section class=\"elementor-section elementor-top-section elementor-element elementor-element-8072b30 elementor-section-boxed elementor-section-height-default elementor-section-height-default\" data-id=\"8072b30\" data-element_type=\"section\" data-e-type=\"section\" data-settings=\"{&quot;background_background&quot;:&quot;classic&quot;}\">\n\t\t\t\t\t\t\t<div class=\"elementor-background-overlay\"><\/div>\n\t\t\t\t\t\t\t<div class=\"elementor-container elementor-column-gap-default\">\n\t\t\t\t\t<div class=\"elementor-column elementor-col-100 elementor-top-column elementor-element elementor-element-3c012dd7\" data-id=\"3c012dd7\" data-element_type=\"column\" data-e-type=\"column\">\n\t\t\t<div class=\"elementor-widget-wrap\">\n\t\t\t\t\t\t\t<\/div>\n\t\t<\/div>\n\t\t\t\t\t<\/div>\n\t\t<\/section>\n\t\t<div class=\"elementor-element elementor-element-1957c7e e-flex e-con-boxed e-con e-parent\" data-id=\"1957c7e\" data-element_type=\"container\" data-e-type=\"container\">\n\t\t\t\t\t<div class=\"e-con-inner\">\n\t\t\t\t<div class=\"elementor-element elementor-element-49e20f1 elementor-widget elementor-widget-text-editor\" data-id=\"49e20f1\" data-element_type=\"widget\" data-e-type=\"widget\" data-widget_type=\"text-editor.default\">\n\t\t\t\t\t\t\t\t\t<p><em>Vous souhaitez mettre vos comp\u00e9tences au service d\u2019une mission \u00e0 impact ? Explorez nos offres d\u2019emploi et opportunit\u00e9s de collaboration pour rejoindre une \u00e9quipe engag\u00e9e et construire ensemble des solutions durables g\u00e9n\u00e9ratrices d\u2019impact pour les habitants du milieu rural congolais.<\/em><\/p>\t\t\t\t\t\t\t\t<\/div>\n\t\t\t\t\t<\/div>\n\t\t\t\t<\/div>\n\t\t\t\t<\/div>","protected":false},"excerpt":{"rendered":"<p>Vous souhaitez mettre vos comp\u00e9tences au service d\u2019une mission \u00e0 impact ? Explorez nos offres d\u2019emploi et opportunit\u00e9s de collaboration pour rejoindre une \u00e9quipe engag\u00e9e et construire ensemble des solutions durables g\u00e9n\u00e9ratrices d\u2019impact pour les habitants du milieu rural congolais.<\/p>","protected":false},"author":1,"featured_media":0,"parent":0,"menu_order":0,"comment_status":"closed","ping_status":"closed","template":"","meta":{"footnotes":""},"class_list":["post-653","page","type-page","status-publish","hentry"],"_links":{"self":[{"href":"https:\/\/fondation-phc.org\/en\/wp-json\/wp\/v2\/pages\/653","targetHints":{"allow":["GET"]}}],"collection":[{"href":"https:\/\/fondation-phc.org\/en\/wp-json\/wp\/v2\/pages"}],"about":[{"href":"https:\/\/fondation-phc.org\/en\/wp-json\/wp\/v2\/types\/page"}],"author":[{"embeddable":true,"href":"https:\/\/fondation-phc.org\/en\/wp-json\/wp\/v2\/users\/1"}],"replies":[{"embeddable":true,"href":"https:\/\/fondation-phc.org\/en\/wp-json\/wp\/v2\/comments?post=653"}],"version-history":[{"count":7,"href":"https:\/\/fondation-phc.org\/en\/wp-json\/wp\/v2\/pages\/653\/revisions"}],"predecessor-version":[{"id":959,"href":"https:\/\/fondation-phc.org\/en\/wp-json\/wp\/v2\/pages\/653\/revisions\/959"}],"wp:attachment":[{"href":"https:\/\/fondation-phc.org\/en\/wp-json\/wp\/v2\/media?parent=653"}],"curies":[{"name":"wp","href":"https:\/\/api.w.org\/{rel}","templated":true}]}}